{"id":7,"date":"2017-10-09T22:32:03","date_gmt":"2017-10-09T20:32:03","guid":{"rendered":"http:\/\/psy-seilh.fr\/?page_id=7"},"modified":"2024-01-27T12:37:12","modified_gmt":"2024-01-27T11:37:12","slug":"accueil","status":"publish","type":"page","link":"https:\/\/psy-seilh.fr\/","title":{"rendered":"Psychologue clinicienne"},"content":{"rendered":"\n<figure class=\"wp-block-image size-large\"><img loading=\"lazy\" width=\"1024\" height=\"415\" src=\"http:\/\/psy-seilh.fr\/wp-content\/uploads\/2017\/10\/Capture-1024x415.jpg\" alt=\"\" class=\"wp-image-305\" srcset=\"https:\/\/psy-seilh.fr\/wp-content\/uploads\/2017\/10\/Capture-1024x415.jpg 1024w, https:\/\/psy-seilh.fr\/wp-content\/uploads\/2017\/10\/Capture-300x121.jpg 300w, https:\/\/psy-seilh.fr\/wp-content\/uploads\/2017\/10\/Capture-768x311.jpg 768w, https:\/\/psy-seilh.fr\/wp-content\/uploads\/2017\/10\/Capture.jpg 1282w\" sizes=\"(max-width: 1024px) 100vw, 1024px\" \/><\/figure>\n\n\n\n<p>J\u2019accueille dans mon cabinet les personnes qui souhaitent consulter pour une probl\u00e9matique particuli\u00e8re, ou encore trouver un \u00e9quilibre de vie. <\/p>\n\n\n\n<p>La d\u00e9cision de commencer une psychoth\u00e9rapie est courageuse. <\/p>\n\n\n\n<p>C\u2019est un premier pas vers un cheminement qui peut vous permettre de trouver les \u00ab&nbsp;cl\u00e9s&nbsp;\u00bb de compr\u00e9hension de votre monde int\u00e9rieur et d\u2019identifier certains processus inconscients, certaines \u00ab&nbsp;r\u00e9p\u00e9titions&nbsp;\u00bb \u00e0 l\u2019origine de la symptomatologie ou des difficult\u00e9s auxquelles vous \u00eates confront\u00e9es.<\/p>\n\n\n\n<p>Je re\u00e7ois sur RDV les enfants \u00e0 partir de 6 ans, les adolescents et les adultes pour des th\u00e9rapies br\u00e8ves ou des suivis plus longs, selon le rythme de chacun dans un espace d\u2019\u00e9coute et de bienveillance. <\/p>\n\n\n\n<ul><li>Difficult\u00e9 ou probl\u00e9matique familiale, relationnelle, syst\u00e9mique<\/li><li>Troubles anxieux, phobies<\/li><li>Troubles psychosomatiques, somatisation<\/li><li> D\u00e9pression, deuil<\/li><li> D\u00e9veloppement personnel, estime de soi, expression des sentiments et des \u00e9motions<\/li><li>Th\u00e9rapie de couple<\/li><li> Difficult\u00e9 professionnelle, souffrance au travail, analyse psychodynamique de votre lieu de travail, orientation<\/li><\/ul>\n\n\n\n<p>Mon exp\u00e9rience professionnelle ainsi que les nombreuses formations r\u00e9alis\u00e9es permettent une approche globale de la personne dans un lieu qui favorise l\u2019introspection, la r\u00e9flexion et la mise en sens de votre histoire de vie ou d\u2019une difficult\u00e9 plus cibl\u00e9e.<\/p>\n\n\n\n<p>Les consultations sont \u00e9galement possibles en Visio ou par WhatsApp dans certains cas.<\/p>\n\n\n\n<p>Le titre de psychologue est une profession r\u00e8glement\u00e9e qui n\u00e9cessite un num\u00e9ro ADELI. Ainsi les s\u00e9ances sont r\u00e9alis\u00e9es dans le respect du<strong> code de d\u00e9ontologie des psychologues<\/strong>, qui garantit \u00ab\u00a0le respect de la confidentialit\u00e9, des principes \u00e9thiques, des valeurs d\u2019int\u00e9grit\u00e9 et de probit\u00e9 inh\u00e9rents \u00e0 l\u2019exercice de la profession\u00a0\u00bb.<\/p>\n","protected":false},"excerpt":{"rendered":"<p>J\u2019accueille dans mon cabinet les personnes qui souhaitent consulter pour une probl\u00e9matique particuli\u00e8re, ou encore trouver un \u00e9quilibre de vie. La d\u00e9cision de commencer une psychoth\u00e9rapie est courageuse. C\u2019est un premier pas vers un cheminement qui peut vous permettre de&hellip; <\/p>\n","protected":false},"author":1,"featured_media":0,"parent":0,"menu_order":0,"comment_status":"closed","ping_status":"closed","template":"","meta":[],"_links":{"self":[{"href":"https:\/\/psy-seilh.fr\/index.php\/wp-json\/wp\/v2\/pages\/7"}],"collection":[{"href":"https:\/\/psy-seilh.fr\/index.php\/wp-json\/wp\/v2\/pages"}],"about":[{"href":"https:\/\/psy-seilh.fr\/index.php\/wp-json\/wp\/v2\/types\/page"}],"author":[{"embeddable":true,"href":"https:\/\/psy-seilh.fr\/index.php\/wp-json\/wp\/v2\/users\/1"}],"replies":[{"embeddable":true,"href":"https:\/\/psy-seilh.fr\/index.php\/wp-json\/wp\/v2\/comments?post=7"}],"version-history":[{"count":88,"href":"https:\/\/psy-seilh.fr\/index.php\/wp-json\/wp\/v2\/pages\/7\/revisions"}],"predecessor-version":[{"id":488,"href":"https:\/\/psy-seilh.fr\/index.php\/wp-json\/wp\/v2\/pages\/7\/revisions\/488"}],"wp:attachment":[{"href":"https:\/\/psy-seilh.fr\/index.php\/wp-json\/wp\/v2\/media?parent=7"}],"curies":[{"name":"wp","href":"https:\/\/api.w.org\/{rel}","templated":true}]}}