{"id":418,"date":"2023-11-25T18:25:43","date_gmt":"2023-11-25T17:25:43","guid":{"rendered":"http:\/\/psy-seilh.fr\/?page_id=418"},"modified":"2023-12-09T23:19:43","modified_gmt":"2023-12-09T22:19:43","slug":"art-therapie-2","status":"publish","type":"page","link":"https:\/\/psy-seilh.fr\/index.php\/art-therapie-2\/","title":{"rendered":"Art-th\u00e9rapie"},"content":{"rendered":"\n<p>Il arrive que des situations se pr\u00e9sentent ou se r\u00e9p\u00e8tent dans notre vie sans que l\u2019on puisse vraiment en comprendre le pourquoi. \u00c9prouver des difficult\u00e9s \u00e0 passer \u00e0 l\u2019action, revenir aux m\u00eames sch\u00e9mas relationnels, ne pas oser dire non, avoir une relation conflictuelle irr\u00e9solue, ne pas se sentir \u00e0 sa juste place, etc\u2026<\/p>\n\n\n\n<p>En compl\u00e9ment du dialogue avec le th\u00e9rapeute, l\u2019art-th\u00e9rapie est une forme de psychoth\u00e9rapie qui utilise l\u2019expression par le dessin, la symbolisation, l\u2019\u00e9criture, les jeux de r\u00f4les et les mises en situations afin de \u201cmettre en trace ou en acte\u201d des conflits, des probl\u00e9matiques, des \u00e9motions et des questionnements. <\/p>\n\n\n\n<p>Les m\u00e9diations sont utilis\u00e9es comme des tremplins pour une meilleure connaissance de soi et pour favoriser l\u2019\u00e9mergence de conflits inconscients et sous-jacents. Ces outils vont permettent d\u2019accompagner et de soutenir les processus de compr\u00e9hension et de changement qui vont progressivement, \u00e0 votre rythme,&nbsp; se mettre en place.<\/p>\n\n\n\n<hr class=\"wp-block-separator has-alpha-channel-opacity is-style-dots\"\/>\n\n\n\n<figure class=\"wp-container-2 wp-block-gallery-1 wp-block-gallery has-nested-images columns-default is-cropped\">\n<figure class=\"wp-block-image size-large\"><img loading=\"lazy\" width=\"1386\" height=\"1040\" data-id=\"82\"  src=\"http:\/\/psy-seilh.fr\/wp-content\/uploads\/2017\/09\/AT4.jpg\" alt=\"\" class=\"wp-image-82\" srcset=\"https:\/\/psy-seilh.fr\/wp-content\/uploads\/2017\/09\/AT4.jpg 1386w, https:\/\/psy-seilh.fr\/wp-content\/uploads\/2017\/09\/AT4-300x225.jpg 300w, https:\/\/psy-seilh.fr\/wp-content\/uploads\/2017\/09\/AT4-768x576.jpg 768w, https:\/\/psy-seilh.fr\/wp-content\/uploads\/2017\/09\/AT4-1024x768.jpg 1024w\" sizes=\"(max-width: 1386px) 100vw, 1386px\" \/><\/figure>\n\n\n\n<figure class=\"wp-block-image size-large\"><img loading=\"lazy\" width=\"448\" height=\"182\" data-id=\"83\"  src=\"http:\/\/psy-seilh.fr\/wp-content\/uploads\/2017\/09\/AT5.jpg\" alt=\"\" class=\"wp-image-83\" srcset=\"https:\/\/psy-seilh.fr\/wp-content\/uploads\/2017\/09\/AT5.jpg 448w, https:\/\/psy-seilh.fr\/wp-content\/uploads\/2017\/09\/AT5-300x122.jpg 300w\" sizes=\"(max-width: 448px) 100vw, 448px\" \/><\/figure>\n\n\n\n<figure class=\"wp-block-image size-large\"><img loading=\"lazy\" width=\"766\" height=\"574\" data-id=\"81\"  src=\"http:\/\/psy-seilh.fr\/wp-content\/uploads\/2017\/09\/AT3.jpg\" alt=\"\" class=\"wp-image-81\" srcset=\"https:\/\/psy-seilh.fr\/wp-content\/uploads\/2017\/09\/AT3.jpg 766w, https:\/\/psy-seilh.fr\/wp-content\/uploads\/2017\/09\/AT3-300x225.jpg 300w\" sizes=\"(max-width: 766px) 100vw, 766px\" \/><\/figure>\n\n\n\n<figure class=\"wp-block-image\"><img loading=\"lazy\" width=\"306\" height=\"408\" data-id=\"79\"  src=\"http:\/\/psy-seilh.fr\/wp-content\/uploads\/2017\/09\/AT1.jpg\" alt=\"\" class=\"wp-image-79\" srcset=\"https:\/\/psy-seilh.fr\/wp-content\/uploads\/2017\/09\/AT1.jpg 306w, https:\/\/psy-seilh.fr\/wp-content\/uploads\/2017\/09\/AT1-225x300.jpg 225w\" sizes=\"(max-width: 306px) 100vw, 306px\" \/><\/figure>\n\n\n\n<figure class=\"wp-block-image\"><img loading=\"lazy\" width=\"306\" height=\"408\" data-id=\"335\"  src=\"http:\/\/psy-seilh.fr\/wp-content\/uploads\/2017\/09\/1503846622159.jpg\" alt=\"\" class=\"wp-image-335\" srcset=\"https:\/\/psy-seilh.fr\/wp-content\/uploads\/2017\/09\/1503846622159.jpg 306w, https:\/\/psy-seilh.fr\/wp-content\/uploads\/2017\/09\/1503846622159-225x300.jpg 225w\" sizes=\"(max-width: 306px) 100vw, 306px\" \/><\/figure>\n\n\n\n<figure class=\"wp-block-image size-full\"><img loading=\"lazy\" width=\"300\" height=\"225\" data-id=\"84\"  src=\"http:\/\/psy-seilh.fr\/wp-content\/uploads\/2017\/09\/AT6.jpg\" alt=\"\" class=\"wp-image-84\"\/><\/figure>\n\n\n\n<figure class=\"wp-block-image size-large\"><img loading=\"lazy\" width=\"306\" height=\"408\" data-id=\"336\"  src=\"http:\/\/psy-seilh.fr\/wp-content\/uploads\/2017\/09\/1503847757801.jpg\" alt=\"\" class=\"wp-image-336\" srcset=\"https:\/\/psy-seilh.fr\/wp-content\/uploads\/2017\/09\/1503847757801.jpg 306w, https:\/\/psy-seilh.fr\/wp-content\/uploads\/2017\/09\/1503847757801-225x300.jpg 225w\" sizes=\"(max-width: 306px) 100vw, 306px\" \/><\/figure>\n\n\n\n<figure class=\"wp-block-image size-large\"><img loading=\"lazy\" width=\"202\" height=\"270\" data-id=\"432\"  src=\"http:\/\/psy-seilh.fr\/wp-content\/uploads\/2023\/11\/AT2-edited.jpg\" alt=\"\" class=\"wp-image-432\"\/><\/figure>\n\n\n\n<figure class=\"wp-block-image size-large\"><img loading=\"lazy\" width=\"1266\" height=\"1351\" data-id=\"85\"  src=\"http:\/\/psy-seilh.fr\/wp-content\/uploads\/2017\/09\/AT7.jpg\" alt=\"\" class=\"wp-image-85\" srcset=\"https:\/\/psy-seilh.fr\/wp-content\/uploads\/2017\/09\/AT7.jpg 1266w, https:\/\/psy-seilh.fr\/wp-content\/uploads\/2017\/09\/AT7-281x300.jpg 281w, https:\/\/psy-seilh.fr\/wp-content\/uploads\/2017\/09\/AT7-768x820.jpg 768w, https:\/\/psy-seilh.fr\/wp-content\/uploads\/2017\/09\/AT7-960x1024.jpg 960w\" sizes=\"(max-width: 1266px) 100vw, 1266px\" \/><\/figure>\n<\/figure>\n\n\n\n<p><\/p>\n\n\n\n<p class=\"has-text-align-center\"><strong>Interview radio \u00e0 Blagnac sur l&rsquo;art-th\u00e9rapie : <\/strong><\/p>\n\n\n\n<figure class=\"wp-block-audio\"><audio controls src=\"http:\/\/psy-seilh.fr\/wp-content\/uploads\/2018\/10\/Du-c\u00f4t\u00e9-de-Chez-Soi-Claudine-Kotsonis-diff-21-Septembre-2018-2.mp3\"><\/audio><\/figure>\n","protected":false},"excerpt":{"rendered":"<p>Il arrive que des situations se pr\u00e9sentent ou se r\u00e9p\u00e8tent dans notre vie sans que l\u2019on puisse vraiment en comprendre le pourquoi. \u00c9prouver des difficult\u00e9s \u00e0 passer \u00e0 l\u2019action, revenir aux m\u00eames sch\u00e9mas relationnels, ne pas oser dire non, avoir&hellip; <\/p>\n","protected":false},"author":1,"featured_media":0,"parent":0,"menu_order":1,"comment_status":"closed","ping_status":"closed","template":"","meta":[],"_links":{"self":[{"href":"https:\/\/psy-seilh.fr\/index.php\/wp-json\/wp\/v2\/pages\/418"}],"collection":[{"href":"https:\/\/psy-seilh.fr\/index.php\/wp-json\/wp\/v2\/pages"}],"about":[{"href":"https:\/\/psy-seilh.fr\/index.php\/wp-json\/wp\/v2\/types\/page"}],"author":[{"embeddable":true,"href":"https:\/\/psy-seilh.fr\/index.php\/wp-json\/wp\/v2\/users\/1"}],"replies":[{"embeddable":true,"href":"https:\/\/psy-seilh.fr\/index.php\/wp-json\/wp\/v2\/comments?post=418"}],"version-history":[{"count":17,"href":"https:\/\/psy-seilh.fr\/index.php\/wp-json\/wp\/v2\/pages\/418\/revisions"}],"predecessor-version":[{"id":484,"href":"https:\/\/psy-seilh.fr\/index.php\/wp-json\/wp\/v2\/pages\/418\/revisions\/484"}],"wp:attachment":[{"href":"https:\/\/psy-seilh.fr\/index.php\/wp-json\/wp\/v2\/media?parent=418"}],"curies":[{"name":"wp","href":"https:\/\/api.w.org\/{rel}","templated":true}]}}